{"id":1029,"date":"2025-03-11T00:05:38","date_gmt":"2025-03-11T00:05:38","guid":{"rendered":"https:\/\/sbiagro.org\/?page_id=1029"},"modified":"2025-03-11T15:09:13","modified_gmt":"2025-03-11T15:09:13","slug":"cms-wordpress","status":"publish","type":"page","link":"https:\/\/sbiagro.org\/en\/cms-wordpress\/","title":{"rendered":"CMS: WordPress"},"content":{"rendered":"<p class=\"\"><\/p>\n\n\n\n<p class=\"\"><em>Um sistema de gest\u00e3o de conte\u00fado (CMS) de c\u00f3digo aberto, que permite criar e publicar sites e blogs (Wikipedia,2024)<\/em><\/p>\n\n\n\n<p class=\"\">Dispon\u00edvel em: <a href=\"https:\/\/wordpress.org\/\">https:\/\/wordpress.org\/<\/a><\/p>\n\n\n\n<p class=\"\"><\/p>","protected":false},"excerpt":{"rendered":"<p>Um sistema de gest\u00e3o de conte\u00fado (CMS) de c\u00f3digo aberto, que permite criar e publicar sites e blogs (Wikipedia,2024) Dispon\u00edvel em: https:\/\/wordpress.org\/<\/p>","protected":false},"author":1,"featured_media":0,"parent":0,"menu_order":0,"comment_status":"closed","ping_status":"closed","template":"","meta":{"nf_dc_page":"","footnotes":""},"class_list":["post-1029","page","type-page","status-publish","hentry"],"jetpack_sharing_enabled":true,"_links":{"self":[{"href":"https:\/\/sbiagro.org\/en\/wp-json\/wp\/v2\/pages\/1029","targetHints":{"allow":["GET"]}}],"collection":[{"href":"https:\/\/sbiagro.org\/en\/wp-json\/wp\/v2\/pages"}],"about":[{"href":"https:\/\/sbiagro.org\/en\/wp-json\/wp\/v2\/types\/page"}],"author":[{"embeddable":true,"href":"https:\/\/sbiagro.org\/en\/wp-json\/wp\/v2\/users\/1"}],"replies":[{"embeddable":true,"href":"https:\/\/sbiagro.org\/en\/wp-json\/wp\/v2\/comments?post=1029"}],"version-history":[{"count":2,"href":"https:\/\/sbiagro.org\/en\/wp-json\/wp\/v2\/pages\/1029\/revisions"}],"predecessor-version":[{"id":1097,"href":"https:\/\/sbiagro.org\/en\/wp-json\/wp\/v2\/pages\/1029\/revisions\/1097"}],"wp:attachment":[{"href":"https:\/\/sbiagro.org\/en\/wp-json\/wp\/v2\/media?parent=1029"}],"curies":[{"name":"wp","href":"https:\/\/api.w.org\/{rel}","templated":true}]}}