{"id":1030,"date":"2025-03-11T00:05:38","date_gmt":"2025-03-11T00:05:38","guid":{"rendered":"https:\/\/sbiagro.org\/?page_id=1030"},"modified":"2025-03-11T15:15:17","modified_gmt":"2025-03-11T15:15:17","slug":"design-tema-memberlite","status":"publish","type":"page","link":"https:\/\/sbiagro.org\/en\/design-tema-memberlite\/","title":{"rendered":"Design: Tema Memberlite"},"content":{"rendered":"<p class=\"\"><\/p>\n\n\n\n<p class=\"\">Memberlite theme amplia as funcionalidades do WordPress incluindo um layout amig\u00e1vel e customiza\u00e7\u00e3o de perfis de usu\u00e1rios.<\/p>\n\n\n\n<p class=\"\">Dispon\u00edvel em: <a href=\"https:\/\/memberlitetheme.com\/\">https:\/\/memberlitetheme.com\/<\/a><\/p>\n\n\n\n<p class=\"\"><\/p>","protected":false},"excerpt":{"rendered":"<p>Memberlite theme amplia as funcionalidades do WordPress incluindo um layout amig\u00e1vel e customiza\u00e7\u00e3o de perfis de usu\u00e1rios. Dispon\u00edvel em: https:\/\/memberlitetheme.com\/<\/p>","protected":false},"author":1,"featured_media":0,"parent":0,"menu_order":0,"comment_status":"closed","ping_status":"closed","template":"","meta":{"nf_dc_page":"","footnotes":""},"class_list":["post-1030","page","type-page","status-publish","hentry"],"jetpack_sharing_enabled":true,"_links":{"self":[{"href":"https:\/\/sbiagro.org\/en\/wp-json\/wp\/v2\/pages\/1030","targetHints":{"allow":["GET"]}}],"collection":[{"href":"https:\/\/sbiagro.org\/en\/wp-json\/wp\/v2\/pages"}],"about":[{"href":"https:\/\/sbiagro.org\/en\/wp-json\/wp\/v2\/types\/page"}],"author":[{"embeddable":true,"href":"https:\/\/sbiagro.org\/en\/wp-json\/wp\/v2\/users\/1"}],"replies":[{"embeddable":true,"href":"https:\/\/sbiagro.org\/en\/wp-json\/wp\/v2\/comments?post=1030"}],"version-history":[{"count":2,"href":"https:\/\/sbiagro.org\/en\/wp-json\/wp\/v2\/pages\/1030\/revisions"}],"predecessor-version":[{"id":1099,"href":"https:\/\/sbiagro.org\/en\/wp-json\/wp\/v2\/pages\/1030\/revisions\/1099"}],"wp:attachment":[{"href":"https:\/\/sbiagro.org\/en\/wp-json\/wp\/v2\/media?parent=1030"}],"curies":[{"name":"wp","href":"https:\/\/api.w.org\/{rel}","templated":true}]}}