{"id":1323,"date":"2025-10-20T00:50:49","date_gmt":"2025-10-20T00:50:49","guid":{"rendered":"https:\/\/sbiagro.org\/?page_id=1323"},"modified":"2025-10-20T01:00:44","modified_gmt":"2025-10-20T01:00:44","slug":"eleicoes-2026-2027","status":"publish","type":"page","link":"https:\/\/sbiagro.org\/en\/eleicoes-2026-2027\/","title":{"rendered":"Elei\u00e7\u00f5es 2026-2027"},"content":{"rendered":"<div class=\"wp-block-group is-vertical is-layout-flex wp-container-core-group-is-layout-fe9cc265 wp-block-group-is-layout-flex\">\n<p class=\"\"><\/p>\n\n\n\n<p class=\"\">Durante o XV Congresso Brasileiro de AgroInform\u00e1tica ser\u00e1 realizada uma<br>Reuni\u00e3o da Associa\u00e7\u00e3o Brasileira de Agroinform\u00e1tica (SBIAgro) + Elei\u00e7\u00e3o da Diretoria (bi\u00eanio 2026\/2027), em data e hor\u00e1rio a serem divulgados junto a programa\u00e7\u00e3o do evento.&nbsp;<\/p>\n\n\n\n<p class=\"\"><a href=\"https:\/\/drive.google.com\/file\/d\/1Va-1oiVmIZo1FS7VhWCluTNHQ28svHQU\/view?usp=sharing\" target=\"_blank\" rel=\"noreferrer noopener\">EDITAL de ELEI\u00c7\u00d4ES para o bi\u00eanio 2026\/2027<\/a><\/p>\n<\/div>","protected":false},"excerpt":{"rendered":"<p>Durante o XV Congresso Brasileiro de AgroInform\u00e1tica ser\u00e1 realizada umaReuni\u00e3o da Associa\u00e7\u00e3o Brasileira de Agroinform\u00e1tica (SBIAgro) + Elei\u00e7\u00e3o da Diretoria (bi\u00eanio 2026\/2027), em data e hor\u00e1rio a serem divulgados junto a programa\u00e7\u00e3o do evento.&nbsp; EDITAL de ELEI\u00c7\u00d4ES para o bi\u00eanio 2026\/2027<\/p>","protected":false},"author":1,"featured_media":0,"parent":0,"menu_order":0,"comment_status":"closed","ping_status":"closed","template":"","meta":{"nf_dc_page":"","footnotes":""},"class_list":["post-1323","page","type-page","status-publish","hentry"],"jetpack_sharing_enabled":true,"_links":{"self":[{"href":"https:\/\/sbiagro.org\/en\/wp-json\/wp\/v2\/pages\/1323","targetHints":{"allow":["GET"]}}],"collection":[{"href":"https:\/\/sbiagro.org\/en\/wp-json\/wp\/v2\/pages"}],"about":[{"href":"https:\/\/sbiagro.org\/en\/wp-json\/wp\/v2\/types\/page"}],"author":[{"embeddable":true,"href":"https:\/\/sbiagro.org\/en\/wp-json\/wp\/v2\/users\/1"}],"replies":[{"embeddable":true,"href":"https:\/\/sbiagro.org\/en\/wp-json\/wp\/v2\/comments?post=1323"}],"version-history":[{"count":2,"href":"https:\/\/sbiagro.org\/en\/wp-json\/wp\/v2\/pages\/1323\/revisions"}],"predecessor-version":[{"id":1327,"href":"https:\/\/sbiagro.org\/en\/wp-json\/wp\/v2\/pages\/1323\/revisions\/1327"}],"wp:attachment":[{"href":"https:\/\/sbiagro.org\/en\/wp-json\/wp\/v2\/media?parent=1323"}],"curies":[{"name":"wp","href":"https:\/\/api.w.org\/{rel}","templated":true}]}}