{"id":26,"date":"2024-09-15T23:10:01","date_gmt":"2024-09-15T23:10:01","guid":{"rendered":"https:\/\/sbiagro.org\/?page_id=26"},"modified":"2025-09-09T11:20:31","modified_gmt":"2025-09-09T11:20:31","slug":"nossa-historia","status":"publish","type":"page","link":"https:\/\/sbiagro.org\/en\/nossa-historia\/","title":{"rendered":"Hist\u00f3ria"},"content":{"rendered":"\n<div class=\"wp-block-group alignwide has-global-padding is-layout-constrained wp-block-group-is-layout-constrained\">\n<div style=\"height:6px\" aria-hidden=\"true\" class=\"wp-block-spacer\"><\/div>\n\n\n\n<p class=\"has-text-align-center\">Fundada em 1996, a SBIAgro surgiu como resultado do I Semin\u00e1rio Internacional de Informatiza\u00e7\u00e3o da Agropecu\u00e1ria (Agrosoft 95), realizado em Juiz de Fora, estado de Minas Gerais, Brasil. Desde ent\u00e3o, o Congresso Brasileiro de Agroinform\u00e1tica vem sendo realizado a cada 2 anos, com a colabora\u00e7\u00e3o de diversos parceiros p\u00fablicos e privados.<\/p>\n\n\n\n<hr class=\"wp-block-separator has-alpha-channel-opacity\"\/>\n<\/div>\n\n\n<div class=\"align wp-block-tlgb-b-timeline-block\" id='BTimelineBlock-1'\r\n  data-attributes='{&quot;timelines&quot;:[{&quot;label&quot;:&quot;&lt;br&gt;&lt;strong&gt;1996 - Funda\\u00e7\\u00e3o&lt;br&gt;&lt;\\\/strong&gt;&quot;,&quot;description&quot;:&quot;Em 18 de setembro de 1996, nasce a Sociedade Brasileira de Agroinform\\u00e1tica&lt;br&gt;(SBIAgro), em Vi\\u00e7osa, com o objetivo de promover o estudo e a dissemina\\u00e7\\u00e3o das tecnologias&lt;br&gt;da informa\\u00e7\\u00e3o e comunica\\u00e7\\u00e3o no agroneg\\u00f3cio.&quot;},{&quot;label&quot;:&quot;&lt;strong&gt;1997 \\u2013 I Congresso da SBIAgro &lt;\\\/strong&gt;&quot;,&quot;description&quot;:&quot;Primeiros Passos: A SBIAgro inicia suas atividades com a organiza\\u00e7\\u00e3o do \\u201cI Congresso da SBIAgro\\u201d em 1997, em Belo Horizonte, consolidando sua presen\\u00e7a no cen\\u00e1rio da agroinform\\u00e1tica&lt;br&gt;brasileira.&lt;br&gt;&lt;br&gt;&lt;br&gt;&quot;},{&quot;label&quot;:&quot;&lt;strong&gt;1999&lt;\\\/strong&gt; - II Congresso da SBIAgro&lt;br&gt;&quot;,&quot;description&quot;:&quot;A partir de 1997, a SBIAgro realiza Congressos Bienais&quot;},{&quot;label&quot;:&quot;&lt;strong&gt;2001&lt;\\\/strong&gt;- III Congresso da SBIAgro&lt;br&gt;&quot;,&quot;description&quot;:&quot;&quot;},{&quot;label&quot;:&quot;&lt;strong&gt;2003&lt;\\\/strong&gt; - IV Congresso da SBIAgro&lt;br&gt;&quot;,&quot;description&quot;:&quot;Agricultura e zootecnia de precis\\u00e3o, GIS e GPS. Ado\\u00e7\\u00e3o, uso e impactos da informatiza\\u00e7\\u00e3o.&quot;},{&quot;label&quot;:&quot;&lt;strong&gt;2005&lt;\\\/strong&gt; - V Congresso SBIAgro&lt;br&gt; \\u201cAgroneg\\u00f3cio, tecnologia e inova\\u00e7\\u00e3o\\u201d&lt;br&gt;&quot;,&quot;description&quot;:&quot;&quot;},{&quot;label&quot;:&quot;&lt;strong&gt;2007&lt;\\\/strong&gt; - VI Coongresso SBIAgro \\u201cOportunidades e desafios do uso da tecnologia da informa\\u00e7\\u00e3o no agroneg\\u00f3cio\\u201d&lt;br&gt;&quot;,&quot;description&quot;:&quot;&quot;},{&quot;label&quot;:&quot;&lt;strong&gt;2009&lt;\\\/strong&gt; - VII Congresso SBIAgro&quot;,&quot;description&quot;:&quot; \\u201cAgroinform\\u00e1tica e a sustentabilidade do&lt;br&gt;agroneg\\u00f3cio e dos recursos naturais\\u201d&lt;br&gt;&quot;},{&quot;label&quot;:&quot;&lt;strong&gt;2011&lt;\\\/strong&gt;- VIII Congresso SBIAgro&quot;,&quot;description&quot;:&quot; \\u201cAgricultura de precis\\u00e3o: da coleta de dados \\u00e0 gest\\u00e3o do agroneg\\u00f3cio\\u201d&quot;},{&quot;label&quot;:&quot;&lt;strong&gt;2013&lt;\\\/strong&gt; - IX Congresso SBIAgro&quot;,&quot;description&quot;:&quot; \\u201cInova\\u00e7\\u00e3o para a Sustentabilidade do Agroneg\\u00f3cio Brasileiro\\u201d&quot;},{&quot;label&quot;:&quot;&lt;strong&gt;2015&lt;\\\/strong&gt; - X Congresso SBIAgro&quot;,&quot;description&quot;:&quot; \\u201cUso de VANTs e Sensores para Avan\\u00e7os no&lt;br&gt;Agroneg\\u00f3cio\\u201d&quot;},{&quot;label&quot;:&quot;&lt;strong&gt;2017&lt;\\\/strong&gt; - XI Congresso SBIAgro &quot;,&quot;description&quot;:&quot; \\u201cCi\\u00eancia de Dados na Era da Agricultura Digital\\u201d&quot;},{&quot;label&quot;:&quot;2019 - XII Congresso SBIAgro&quot;,&quot;description&quot;:&quot; \\u201cIoT na Agricultura\\u201d&quot;},{&quot;label&quot;:&quot;2021 - XIII Congresso SBIAgro&quot;,&quot;description&quot;:&quot; \\u201cInova\\u00e7\\u00e3o Digital e os Biomas: integrando a&lt;br&gt;produ\\u00e7\\u00e3o agropecu\\u00e1ria \\u00e0 conserva\\u00e7\\u00e3o do meio ambiente\\u201d&quot;},{&quot;label&quot;:&quot;2023 - XIV Congresso SBIAgro&quot;,&quot;description&quot;:&quot;\\u201cAvan\\u00e7os na agricultura digital colaborativa\\u201d,&lt;br&gt;&quot;},{&quot;label&quot;:&quot;2025 - XV Congresso SBIAgro (10 a 12 de Dezembro)&quot;,&quot;description&quot;:&quot;&lt;html&gt;&lt;body&gt;\\n    &lt;!-- T\\u00edtulo Principal --&gt;\\n    &lt;h8&gt;\\n        Agro Inteligente: desafios e perspectivas para a produ\\u00e7\\u00e3o sustent\\u00e1vel com suporte da IA\\n    &lt;\\\/h8&gt;\\n    \\n   &lt;p&gt;\\n      \\n    &lt;a href=\\&quot;https:\\\/\\\/sites.google.com\\\/usp.br\\\/sbiagro2025\\&quot; target=\\&quot;_blank\\&quot;&gt;  Online - Clique aqui para mais informa\\u00e7\\u00f5es      &lt;\\\/a&gt;\\n&lt;\\\/body&gt;\\n&lt;\\\/html&gt;&quot;}],&quot;align&quot;:&quot;&quot;,&quot;type&quot;:&quot;vertical&quot;,&quot;itemPosition&quot;:&quot;right&quot;,&quot;labelLocation&quot;:&quot;right&quot;,&quot;startIndex&quot;:1,&quot;vigibleItems&quot;:4,&quot;moveItem&quot;:2,&quot;verticalTrigger&quot;:&quot;150px&quot;,&quot;rtlMode&quot;:false,&quot;barBackground&quot;:&quot;#dddddd&quot;,&quot;barDotColor&quot;:&quot;#dddddd&quot;,&quot;itemBg&quot;:&quot;#ffffff&quot;,&quot;itemColor&quot;:&quot;#333333&quot;,&quot;itemTypo&quot;:{&quot;fontSize&quot;:{&quot;desktop&quot;:14,&quot;tablet&quot;:14,&quot;mobile&quot;:14}},&quot;horizontalDatePosition&quot;:&quot;bottom&quot;,&quot;itemBorder&quot;:{&quot;width&quot;:&quot;1px&quot;,&quot;color&quot;:&quot;#cccccc&quot;},&quot;contentBorder&quot;:{&quot;width&quot;:&quot;1px&quot;,&quot;style&quot;:&quot;solid&quot;,&quot;color&quot;:&quot;#72aee6&quot;},&quot;labelTypo&quot;:{&quot;fontSize&quot;:{&quot;desktop&quot;:16,&quot;tablet&quot;:16,&quot;mobile&quot;:16}},&quot;labelColor&quot;:&quot;#222222&quot;,&quot;theme&quot;:&quot;default&quot;,&quot;timelineBar&quot;:{&quot;width&quot;:&quot;3px&quot;,&quot;dotSize&quot;:20,&quot;progressBarbgColor&quot;:{&quot;color&quot;:&quot;linear-gradient(to bottom, #ff6a00, #ee0979)&quot;}},&quot;dateStyles&quot;:{&quot;dateTypo&quot;:{&quot;fontSize&quot;:{&quot;desktop&quot;:14,&quot;tablet&quot;:14,&quot;mobile&quot;:14}},&quot;dateColor&quot;:&quot;black&quot;,&quot;dateContainerSize&quot;:50,&quot;dateBg&quot;:{&quot;color&quot;:&quot;#06b6d4&quot;}},&quot;iconStyles&quot;:{&quot;iconColor&quot;:&quot;orangered&quot;,&quot;iconColorHover&quot;:&quot;red&quot;,&quot;iconSize&quot;:40,&quot;iconContainerSize&quot;:40,&quot;background&quot;:{&quot;normal&quot;:{&quot;color&quot;:&quot;white&quot;},&quot;hover&quot;:{&quot;color&quot;:&quot;red&quot;}},&quot;borderControl&quot;:{&quot;width&quot;:&quot;1px&quot;,&quot;color&quot;:&quot;rgba(18, 235, 195, 1)&quot;,&quot;style&quot;:&quot;inset&quot;},&quot;iconBorderHover&quot;:&quot;1px solid #efefef&quot;},&quot;theme8CardBorder&quot;:{&quot;width&quot;:&quot;3px&quot;,&quot;style&quot;:&quot;solid&quot;,&quot;color&quot;:&quot;#111111&quot;},&quot;theme8CardShadow&quot;:{&quot;offsetX&quot;:5,&quot;offsetY&quot;:5,&quot;color&quot;:&quot;#111111&quot;},&quot;theme8Animation&quot;:{&quot;enabled&quot;:true,&quot;type&quot;:&quot;slide-up&quot;,&quot;duration&quot;:600,&quot;delay&quot;:120},&quot;theme3Animation&quot;:{&quot;enabled&quot;:true,&quot;type&quot;:&quot;slide-up&quot;,&quot;duration&quot;:600,&quot;delay&quot;:120},&quot;theme5Animation&quot;:{&quot;enabled&quot;:true,&quot;type&quot;:&quot;slide-up&quot;,&quot;duration&quot;:600,&quot;delay&quot;:120},&quot;theme4Animation&quot;:{&quot;enabled&quot;:true,&quot;type&quot;:&quot;slide-up&quot;,&quot;duration&quot;:600,&quot;delay&quot;:120},&quot;accordionAnimation&quot;:{&quot;enabled&quot;:true,&quot;type&quot;:&quot;slide-up&quot;,&quot;duration&quot;:600,&quot;delay&quot;:120},&quot;theme9Animation&quot;:{&quot;enabled&quot;:true,&quot;type&quot;:&quot;slide-up&quot;,&quot;duration&quot;:600,&quot;delay&quot;:120},&quot;theme9CenturyStyles&quot;:{&quot;color&quot;:&quot;#ffffff&quot;,&quot;bg&quot;:&quot;#1a1a1a&quot;,&quot;borderColor&quot;:&quot;#ffffff&quot;,&quot;borderWidth&quot;:4,&quot;borderRadius&quot;:50,&quot;centuryTypo&quot;:{&quot;fontSize&quot;:{&quot;desktop&quot;:24,&quot;tablet&quot;:24,&quot;mobile&quot;:20}}},&quot;wpum_restrict_type&quot;:&quot;wpum_restrict_type_state&quot;,&quot;wpum_hide_state_in&quot;:false,&quot;wpum_hide_state_out&quot;:false,&quot;TrpContentRestriction&quot;:{&quot;restriction_type&quot;:&quot;exclude&quot;,&quot;selected_languages&quot;:[],&quot;panel_open&quot;:true}}'><\/div>\n\n\n<p class=\"\"><\/p>\n","protected":false},"excerpt":{"rendered":"<p>Fundada em 1996, a SBIAgro surgiu como resultado do I Semin\u00e1rio Internacional de Informatiza\u00e7\u00e3o da Agropecu\u00e1ria (Agrosoft 95), realizado em Juiz de Fora, estado de Minas Gerais, Brasil. Desde ent\u00e3o, o Congresso Brasileiro de Agroinform\u00e1tica vem sendo realizado a cada 2 anos, com a colabora\u00e7\u00e3o de diversos parceiros p\u00fablicos e privados.<\/p>","protected":false},"author":1,"featured_media":0,"parent":0,"menu_order":0,"comment_status":"closed","ping_status":"closed","template":"","meta":{"nf_dc_page":"","footnotes":""},"class_list":["post-26","page","type-page","status-publish","hentry"],"jetpack_sharing_enabled":true,"_links":{"self":[{"href":"https:\/\/sbiagro.org\/en\/wp-json\/wp\/v2\/pages\/26","targetHints":{"allow":["GET"]}}],"collection":[{"href":"https:\/\/sbiagro.org\/en\/wp-json\/wp\/v2\/pages"}],"about":[{"href":"https:\/\/sbiagro.org\/en\/wp-json\/wp\/v2\/types\/page"}],"author":[{"embeddable":true,"href":"https:\/\/sbiagro.org\/en\/wp-json\/wp\/v2\/users\/1"}],"replies":[{"embeddable":true,"href":"https:\/\/sbiagro.org\/en\/wp-json\/wp\/v2\/comments?post=26"}],"version-history":[{"count":4,"href":"https:\/\/sbiagro.org\/en\/wp-json\/wp\/v2\/pages\/26\/revisions"}],"predecessor-version":[{"id":1298,"href":"https:\/\/sbiagro.org\/en\/wp-json\/wp\/v2\/pages\/26\/revisions\/1298"}],"wp:attachment":[{"href":"https:\/\/sbiagro.org\/en\/wp-json\/wp\/v2\/media?parent=26"}],"curies":[{"name":"wp","href":"https:\/\/api.w.org\/{rel}","templated":true}]}}