{"id":359,"date":"2024-09-22T20:23:17","date_gmt":"2024-09-22T20:23:17","guid":{"rendered":"https:\/\/sbiagro.org\/?page_id=359"},"modified":"2025-03-16T20:04:10","modified_gmt":"2025-03-16T20:04:10","slug":"beneficios-aos-socios","status":"publish","type":"page","link":"https:\/\/sbiagro.org\/en\/beneficios-aos-socios\/","title":{"rendered":"Benef\u00edcios"},"content":{"rendered":"<p class=\"\"><\/p>\n\n\n\n<div class=\"nfd-container nfd-p-md nfd-theme-white nfd-bg-surface nfd-wb-features__features-15 is-style-nfd-theme-white wp-block-group has-global-padding is-layout-constrained wp-block-group-is-layout-constrained\">\n<div class=\"nfd-gap-xl nfd-gap-y-2xl wp-block-columns is-layout-flex wp-container-core-columns-is-layout-28f84493 wp-block-columns-is-layout-flex\">\n<div class=\"wp-block-column is-layout-flow wp-block-column-is-layout-flow\">\n<figure class=\"nfd-rounded-sm wp-block-image size-full\"><img data-recalc-dims=\"1\" loading=\"lazy\" decoding=\"async\" width=\"744\" height=\"496\" src=\"https:\/\/i0.wp.com\/sbiagro.org\/wp-content\/uploads\/2024\/09\/5a386-article.jpg?resize=744%2C496&#038;ssl=1\" alt=\"\" class=\"wp-image-204\" style=\"aspect-ratio:16\/9;object-fit:cover\" srcset=\"https:\/\/i0.wp.com\/sbiagro.org\/wp-content\/uploads\/2024\/09\/5a386-article.jpg?w=1024&amp;ssl=1 1024w, https:\/\/i0.wp.com\/sbiagro.org\/wp-content\/uploads\/2024\/09\/5a386-article.jpg?resize=300%2C200&amp;ssl=1 300w, https:\/\/i0.wp.com\/sbiagro.org\/wp-content\/uploads\/2024\/09\/5a386-article.jpg?resize=768%2C512&amp;ssl=1 768w\" sizes=\"auto, (max-width: 744px) 100vw, 744px\" \/><\/figure>\n\n\n\n<div class=\"wp-block-group is-vertical is-content-justification-stretch is-layout-flex wp-container-core-group-is-layout-38a18bb4 wp-block-group-is-layout-flex\">\n<h3 class=\"nfd-text-lg nfd-text-contrast wp-block-heading\">Networking e parcerias<\/h3>\n\n\n\n<p class=\"nfd-text-base nfd-text-balance has-14-font-size\">Parceiras p\u00fablicas e privadas<\/p>\n\n\n\n<p class=\"has-14-font-size\">Pessoas f\u00edsicas e jur\u00eddicas<\/p>\n\n\n\n<p class=\"nfd-text-base nfd-text-balance has-14-font-size\">Startups<\/p>\n<\/div>\n<\/div>\n\n\n\n<div class=\"wp-block-column is-layout-flow wp-block-column-is-layout-flow\">\n<figure class=\"nfd-rounded-sm wp-block-image size-large\"><img data-recalc-dims=\"1\" loading=\"lazy\" decoding=\"async\" width=\"744\" height=\"496\" src=\"https:\/\/i0.wp.com\/sbiagro.org\/wp-content\/uploads\/2025\/03\/20xx-edited.jpeg?resize=744%2C496&#038;ssl=1\" alt=\"\" class=\"wp-image-1168\" style=\"aspect-ratio:16\/9;object-fit:cover\" srcset=\"https:\/\/i0.wp.com\/sbiagro.org\/wp-content\/uploads\/2025\/03\/20xx-edited.jpeg?w=1080&amp;ssl=1 1080w, https:\/\/i0.wp.com\/sbiagro.org\/wp-content\/uploads\/2025\/03\/20xx-edited.jpeg?resize=300%2C200&amp;ssl=1 300w, https:\/\/i0.wp.com\/sbiagro.org\/wp-content\/uploads\/2025\/03\/20xx-edited.jpeg?resize=1024%2C683&amp;ssl=1 1024w, https:\/\/i0.wp.com\/sbiagro.org\/wp-content\/uploads\/2025\/03\/20xx-edited.jpeg?resize=768%2C512&amp;ssl=1 768w, https:\/\/i0.wp.com\/sbiagro.org\/wp-content\/uploads\/2025\/03\/20xx-edited.jpeg?resize=18%2C12&amp;ssl=1 18w\" sizes=\"auto, (max-width: 744px) 100vw, 744px\" \/><\/figure>\n\n\n\n<div class=\"wp-block-group is-vertical is-content-justification-stretch is-layout-flex wp-container-core-group-is-layout-38a18bb4 wp-block-group-is-layout-flex\">\n<h3 class=\"nfd-text-lg nfd-text-contrast wp-block-heading\">Congressos e eventos<\/h3>\n\n\n\n<p class=\"nfd-text-base nfd-text-balance has-14-font-size\">Congresso Brasileiro de Agroinform\u00e1tica<\/p>\n\n\n\n<p class=\"has-14-font-size\">Semin\u00e1rios de divulga\u00e7\u00e3o cient\u00edfica<\/p>\n\n\n\n<p class=\"has-14-font-size\">Pitchs e Premia\u00e7\u00f5es<\/p>\n<\/div>\n<\/div>\n\n\n\n<div class=\"wp-block-column is-layout-flow wp-block-column-is-layout-flow\">\n<figure class=\"nfd-rounded-sm wp-block-image size-large\"><img data-recalc-dims=\"1\" loading=\"lazy\" decoding=\"async\" width=\"744\" height=\"558\" src=\"https:\/\/i0.wp.com\/sbiagro.org\/wp-content\/uploads\/2025\/03\/article-2-edited.jpg?resize=744%2C558&#038;ssl=1\" alt=\"Publica\u00e7\u00e3o envolveu 300 especialistas do setor\" class=\"wp-image-1169\" style=\"aspect-ratio:16\/9;object-fit:cover\" srcset=\"https:\/\/i0.wp.com\/sbiagro.org\/wp-content\/uploads\/2025\/03\/article-2-edited.jpg?w=2454&amp;ssl=1 2454w, https:\/\/i0.wp.com\/sbiagro.org\/wp-content\/uploads\/2025\/03\/article-2-edited.jpg?resize=300%2C225&amp;ssl=1 300w, https:\/\/i0.wp.com\/sbiagro.org\/wp-content\/uploads\/2025\/03\/article-2-edited.jpg?resize=1024%2C768&amp;ssl=1 1024w, https:\/\/i0.wp.com\/sbiagro.org\/wp-content\/uploads\/2025\/03\/article-2-edited.jpg?resize=768%2C576&amp;ssl=1 768w, https:\/\/i0.wp.com\/sbiagro.org\/wp-content\/uploads\/2025\/03\/article-2-edited.jpg?resize=1536%2C1152&amp;ssl=1 1536w, https:\/\/i0.wp.com\/sbiagro.org\/wp-content\/uploads\/2025\/03\/article-2-edited.jpg?resize=2048%2C1536&amp;ssl=1 2048w, https:\/\/i0.wp.com\/sbiagro.org\/wp-content\/uploads\/2025\/03\/article-2-edited.jpg?resize=16%2C12&amp;ssl=1 16w, https:\/\/i0.wp.com\/sbiagro.org\/wp-content\/uploads\/2025\/03\/article-2-edited.jpg?resize=1170%2C877&amp;ssl=1 1170w, https:\/\/i0.wp.com\/sbiagro.org\/wp-content\/uploads\/2025\/03\/article-2-edited.jpg?w=2232&amp;ssl=1 2232w\" sizes=\"auto, (max-width: 744px) 100vw, 744px\" \/><\/figure>\n\n\n\n<div class=\"wp-block-group is-vertical is-content-justification-stretch is-layout-flex wp-container-core-group-is-layout-38a18bb4 wp-block-group-is-layout-flex\">\n<h3 class=\"nfd-text-lg nfd-text-contrast wp-block-heading\">Informa\u00e7\u00e3o e servi\u00e7os<\/h3>\n\n\n\n<p class=\"nfd-text-base nfd-text-balance\"><a href=\"https:\/\/sbiagro.org\/en\/\">Divulga\u00e7\u00e3o de not\u00edcias e oportunidades no Portal de conte\u00fado SBIAgro<\/a><\/p>\n<\/div>\n<\/div>\n<\/div>\n<\/div>\n\n\n\n<p class=\"\"><\/p>","protected":false},"excerpt":{"rendered":"<p>Networking e parcerias Parceiras p\u00fablicas e privadas Pessoas f\u00edsicas e jur\u00eddicas Startups Congressos e eventos Congresso Brasileiro de Agroinform\u00e1tica Semin\u00e1rios de divulga\u00e7\u00e3o cient\u00edfica Pitchs e Premia\u00e7\u00f5es Informa\u00e7\u00e3o e servi\u00e7os Divulga\u00e7\u00e3o de not\u00edcias e oportunidades no Portal de conte\u00fado SBIAgro<\/p>","protected":false},"author":1,"featured_media":0,"parent":0,"menu_order":0,"comment_status":"closed","ping_status":"closed","template":"","meta":{"nf_dc_page":"","footnotes":""},"class_list":["post-359","page","type-page","status-publish","hentry"],"jetpack_sharing_enabled":true,"_links":{"self":[{"href":"https:\/\/sbiagro.org\/en\/wp-json\/wp\/v2\/pages\/359","targetHints":{"allow":["GET"]}}],"collection":[{"href":"https:\/\/sbiagro.org\/en\/wp-json\/wp\/v2\/pages"}],"about":[{"href":"https:\/\/sbiagro.org\/en\/wp-json\/wp\/v2\/types\/page"}],"author":[{"embeddable":true,"href":"https:\/\/sbiagro.org\/en\/wp-json\/wp\/v2\/users\/1"}],"replies":[{"embeddable":true,"href":"https:\/\/sbiagro.org\/en\/wp-json\/wp\/v2\/comments?post=359"}],"version-history":[{"count":6,"href":"https:\/\/sbiagro.org\/en\/wp-json\/wp\/v2\/pages\/359\/revisions"}],"predecessor-version":[{"id":1173,"href":"https:\/\/sbiagro.org\/en\/wp-json\/wp\/v2\/pages\/359\/revisions\/1173"}],"wp:attachment":[{"href":"https:\/\/sbiagro.org\/en\/wp-json\/wp\/v2\/media?parent=359"}],"curies":[{"name":"wp","href":"https:\/\/api.w.org\/{rel}","templated":true}]}}