{"id":559,"date":"2024-09-29T20:36:40","date_gmt":"2024-09-29T20:36:40","guid":{"rendered":"https:\/\/sbiagro.org\/?page_id=559"},"modified":"2025-09-05T02:33:44","modified_gmt":"2025-09-05T02:33:44","slug":"559-2","status":"publish","type":"page","link":"https:\/\/sbiagro.org\/en\/","title":{"rendered":"Associa\u00e7\u00e3o Brasileira de Agroinform\u00e1tica (SBIAgro)"},"content":{"rendered":"<div style=\"height:23px\" aria-hidden=\"true\" class=\"wp-block-spacer\"><\/div>\n\n\n\n<hr class=\"wp-block-separator has-alpha-channel-opacity\"\/>\n\n\n\n<div class=\"wp-block-group is-vertical is-layout-flex wp-container-core-group-is-layout-fe9cc265 wp-block-group-is-layout-flex\">\n<div class=\"wp-block-group has-global-padding is-layout-constrained wp-block-group-is-layout-constrained\">\n<div class=\"wp-block-group is-vertical is-layout-flex wp-container-core-group-is-layout-fe9cc265 wp-block-group-is-layout-flex\">\n<p class=\"has-text-align-center\">Desde 1996, a Associa\u00e7\u00e3o Brasileira de Agroinform\u00e1tica (SBIAgro) atua em parcerias p\u00fablico e privadas, na organiza\u00e7\u00e3o e divulga\u00e7\u00e3o de resultados de pesquisa e inova\u00e7\u00e3o em tecnologias da informa\u00e7\u00e3o e comunica\u00e7\u00e3o aplicadas aos setores do agroneg\u00f3cio e meio ambiente.<\/p>\n<\/div>\n<\/div>\n<\/div>\n\n\n\n<div class=\"nfd-container nfd-p-md nfd-theme-white nfd-bg-surface nfd-wb-blog__blog-4 is-style-default wp-block-group is-layout-flow wp-block-group-is-layout-flow\">\n<div class=\"nfd-gap-xl nfd-gap-y-2xl wp-block-columns is-layout-flex wp-container-core-columns-is-layout-28f84493 wp-block-columns-is-layout-flex\">\n<div class=\"wp-block-column is-vertically-aligned-top has-global-padding is-layout-constrained wp-block-column-is-layout-constrained\" style=\"flex-basis:100%\">\n<div class=\"nfd-query-loop-2 wp-block-query is-layout-flow wp-block-query-is-layout-flow\"><ul class=\"wp-block-post-template is-layout-flow wp-block-post-template-is-layout-flow\"><li class=\"wp-block-post post-1323 page type-page status-publish hentry\">\n\n<div class=\"nfd-p-card-md nfd-rounded wp-block-cover is-light has-custom-content-position is-position-top-center has-aspect-ratio\" style=\"font-size:0px;min-height:277px;aspect-ratio:auto;min-height:unset;\"><span aria-hidden=\"true\" class=\"wp-block-cover__background has-background-dim-10 has-background-dim\"><\/span><div class=\"wp-block-cover__inner-container is-layout-flow wp-block-cover-is-layout-flow\">\n<figure class=\"wp-block-gallery has-nested-images columns-default wp-block-gallery-3 is-layout-flex wp-block-gallery-is-layout-flex\">\n<figure class=\"is-style-rounded wp-block-image aligncenter size-full has-custom-border wp-duotone-unset-2 is-style-rounded--1\" style=\"margin-top:0;margin-right:0;margin-bottom:0;margin-left:0\"><a href=\"https:\/\/sites.google.com\/usp.br\/sbiagro2025\"><img data-recalc-dims=\"1\" loading=\"lazy\" decoding=\"async\" width=\"744\" height=\"744\" data-id=\"1280\" src=\"https:\/\/i0.wp.com\/sbiagro.org\/wp-content\/uploads\/2025\/09\/SBI-1.png?resize=744%2C744&#038;ssl=1\" alt=\"\" class=\"wp-image-1280\" style=\"border-style:none;border-width:0px\" srcset=\"https:\/\/i0.wp.com\/sbiagro.org\/wp-content\/uploads\/2025\/09\/SBI-1.png?w=1080&amp;ssl=1 1080w, https:\/\/i0.wp.com\/sbiagro.org\/wp-content\/uploads\/2025\/09\/SBI-1.png?resize=300%2C300&amp;ssl=1 300w, https:\/\/i0.wp.com\/sbiagro.org\/wp-content\/uploads\/2025\/09\/SBI-1.png?resize=1024%2C1024&amp;ssl=1 1024w, https:\/\/i0.wp.com\/sbiagro.org\/wp-content\/uploads\/2025\/09\/SBI-1.png?resize=150%2C150&amp;ssl=1 150w, https:\/\/i0.wp.com\/sbiagro.org\/wp-content\/uploads\/2025\/09\/SBI-1.png?resize=768%2C768&amp;ssl=1 768w, https:\/\/i0.wp.com\/sbiagro.org\/wp-content\/uploads\/2025\/09\/SBI-1.png?resize=100%2C100&amp;ssl=1 100w, https:\/\/i0.wp.com\/sbiagro.org\/wp-content\/uploads\/2025\/09\/SBI-1.png?resize=12%2C12&amp;ssl=1 12w, https:\/\/i0.wp.com\/sbiagro.org\/wp-content\/uploads\/2025\/09\/SBI-1.png?resize=80%2C80&amp;ssl=1 80w\" sizes=\"auto, (max-width: 744px) 100vw, 744px\" \/><\/a><\/figure>\n<\/figure>\n<\/div><\/div>\n\n<\/li><\/ul><\/div>\n<\/div>\n<\/div>\n<\/div>\n\n\n\n<div class=\"nfd-container nfd-p-lg nfd-theme-darker nfd-bg-surface nfd-wb-blog__blog-2 is-style-nfd-theme-light wp-block-group is-layout-flow wp-block-group-is-layout-flow\">\n<div class=\"wp-block-query has-global-padding is-layout-constrained wp-block-query-is-layout-constrained\">\n<h2 class=\"wp-block-heading\">Not\u00edcias&#8230;<\/h2>\n\n\n\n<div class=\"wp-block-group has-global-padding is-layout-constrained wp-block-group-is-layout-constrained\"><ul class=\"is-grid columns-2 has-dates aligncenter wp-block-rss\"><li class='wp-block-rss__item'><div class='wp-block-rss__item-title'><a href='https:\/\/news.google.com\/rss\/articles\/CBMizwFBVV95cUxOZHQ2OC1xcUM2RUhZaE9XZ2V1YkFzUWhqS1lYbHplTmU2M3NMVV9BQ3Q3c1NmNUs5WExvOWMtZlhwVmx3VEJ0ZVpHSzVDX3BCY0VSYkpMVU5ybjE3eEpHSGp5NXk2d3pQWjhWRUgzeDNDNTBXT0lDaFJvcW9FbWhOOHhoZmJVdjA5QkxpaW9BTW1jQW93ZWpkTllWd3lYY0RLbGkxcmUwMFA4WnI5MmRkTHhZVDFFR3FYa2RhWVhXMS1jVGlaUGtDdGlLdm9HYnc?oc=5'>Agro digital exige novo perfil profissional e desafia estrat\u00e9gias de RH &#8211; Contadores.cnt.br<\/a><\/div><time datetime=\"2026-04-23T11:34:00+00:00\" class=\"wp-block-rss__item-publish-date\">April 23, 2026<\/time> <\/li><li class='wp-block-rss__item'><div class='wp-block-rss__item-title'><a href='https:\/\/news.google.com\/rss\/articles\/CBMilwFBVV95cUxPbVdaY05tNFc5U2ZWb240QVBaeUJvcFBuMl9GRVlRTHhhSlMweFpCWGJrdG03SW9XRVNwNzRkQjNmdGhCOFlaNXMxRTZNY3lpQmhIcFBJSnA2c25ENjFVbmRYQlIzZUpNQk5qOWRYWUJkNWhYaGZBaWZDTk1zM0J1U3FSZkRYWWhZWm52RVJqZ1RaTVo0N0g0?oc=5'>Melhorar as pol\u00edticas de cr\u00e9dito para a agricultura digital e a agricultura verde. &#8211; Vietnam.vn<\/a><\/div><time datetime=\"2026-04-23T04:19:00+00:00\" class=\"wp-block-rss__item-publish-date\">April 23, 2026<\/time> <\/li><li class='wp-block-rss__item'><div class='wp-block-rss__item-title'><a href='https:\/\/news.google.com\/rss\/articles\/CBMiaEFVX3lxTE9iOEw5c3lhSG1YRmx0eVJnQm1WdTByZC1vcVQ4NTdURDBjdGNkaUxiMm4yT081RDBWZF9Fd3BoVnFsSDRwUURTR05KV2JWMlNsYVpJSUhFcHdBWFFua05HUUZMa2JyV3I5?oc=5'>Forma\u00e7\u00e3o profissional ligada \u00e0 agricultura digital. &#8211; Vietnam.vn<\/a><\/div><time datetime=\"2026-04-20T23:39:09+00:00\" class=\"wp-block-rss__item-publish-date\">April 20, 2026<\/time> <\/li><li class='wp-block-rss__item'><div class='wp-block-rss__item-title'><a href='https:\/\/news.google.com\/rss\/articles\/CBMirgFBVV95cUxQbDdMUmlnMWhvTDE4NGx4TkVPdm81UE9xYW83MzRwbWJxNHp5WEJ5U1IyUEVzcUt1YjBmMVBOdEtIMjE4ZmZQUGJhS1VyNTFyNmRYdkFUVTB4a3VNam14aC1relgyeWlnX1F2YnlFcGpNdVIxVy1YRXFvdUJ5Ui05SDZlazdNVjNZMEwwXzZTSnFablB1ZDZialIySHA1YjBXLXZZUlV6MnB0ckNQdGc?oc=5'>Embrapa destaca inova\u00e7\u00f5es em sustentabilidade e agricultura digital na Agrishow 2026 &#8211; Feed&amp;Food<\/a><\/div><time datetime=\"2026-04-20T17:01:00+00:00\" class=\"wp-block-rss__item-publish-date\">April 20, 2026<\/time> <\/li><\/ul><\/div>\n<\/div>\n<\/div>","protected":false},"excerpt":{"rendered":"<p>Desde 1996, a Associa\u00e7\u00e3o Brasileira de Agroinform\u00e1tica (SBIAgro) atua em parcerias p\u00fablico e privadas, na organiza\u00e7\u00e3o e divulga\u00e7\u00e3o de resultados de pesquisa e inova\u00e7\u00e3o em tecnologias da informa\u00e7\u00e3o e comunica\u00e7\u00e3o aplicadas aos setores do agroneg\u00f3cio e meio ambiente.<\/p>","protected":false},"author":1,"featured_media":257,"parent":0,"menu_order":0,"comment_status":"closed","ping_status":"closed","template":"","meta":{"nf_dc_page":"","footnotes":""},"class_list":["post-559","page","type-page","status-publish","has-post-thumbnail","hentry"],"jetpack_sharing_enabled":true,"_links":{"self":[{"href":"https:\/\/sbiagro.org\/en\/wp-json\/wp\/v2\/pages\/559","targetHints":{"allow":["GET"]}}],"collection":[{"href":"https:\/\/sbiagro.org\/en\/wp-json\/wp\/v2\/pages"}],"about":[{"href":"https:\/\/sbiagro.org\/en\/wp-json\/wp\/v2\/types\/page"}],"author":[{"embeddable":true,"href":"https:\/\/sbiagro.org\/en\/wp-json\/wp\/v2\/users\/1"}],"replies":[{"embeddable":true,"href":"https:\/\/sbiagro.org\/en\/wp-json\/wp\/v2\/comments?post=559"}],"version-history":[{"count":5,"href":"https:\/\/sbiagro.org\/en\/wp-json\/wp\/v2\/pages\/559\/revisions"}],"predecessor-version":[{"id":1287,"href":"https:\/\/sbiagro.org\/en\/wp-json\/wp\/v2\/pages\/559\/revisions\/1287"}],"wp:featuredmedia":[{"embeddable":true,"href":"https:\/\/sbiagro.org\/en\/wp-json\/wp\/v2\/media\/257"}],"wp:attachment":[{"href":"https:\/\/sbiagro.org\/en\/wp-json\/wp\/v2\/media?parent=559"}],"curies":[{"name":"wp","href":"https:\/\/api.w.org\/{rel}","templated":true}]}}