{"id":568,"date":"2024-09-29T21:06:24","date_gmt":"2024-09-29T21:06:24","guid":{"rendered":"https:\/\/sbiagro.org\/?page_id=568"},"modified":"2025-04-24T18:47:14","modified_gmt":"2025-04-24T18:47:14","slug":"parcerias","status":"publish","type":"page","link":"https:\/\/sbiagro.org\/en\/parcerias\/","title":{"rendered":"Informa\u00e7\u00f5es sobre parceiros, a\u00e7\u00f5es e eventos"},"content":{"rendered":"<div style=\"height:19px\" aria-hidden=\"true\" class=\"wp-block-spacer\"><\/div>\n\n\n\n<p class=\"\">Informa\u00e7\u00e3o atualizada sobre parceiros, eventos e a\u00e7\u00f5es para promo\u00e7\u00e3o e divulga\u00e7\u00e3o de tecnologias de informa\u00e7\u00e3o e comunica\u00e7\u00e3o aplicadas ao agroneg\u00f3cio e meio ambiente.<\/p>\n\n\n\n<hr class=\"wp-block-separator has-alpha-channel-opacity\"\/>\n\n\n\n<div class=\"wp-block-group alignfull has-contrast-color has-text-color is-vertical is-content-justification-center is-layout-flex wp-container-core-group-is-layout-f9531078 wp-block-group-is-layout-flex\" style=\"min-height:10vh;margin-top:0;margin-bottom:0;padding-top:0;padding-right:var(--wp--preset--spacing--50);padding-bottom:0;padding-left:var(--wp--preset--spacing--50)\">\n<figure class=\"wp-block-image size-large is-resized\"><img data-recalc-dims=\"1\" loading=\"lazy\" decoding=\"async\" width=\"744\" height=\"372\" src=\"https:\/\/i0.wp.com\/sbiagro.org\/wp-content\/uploads\/2025\/04\/simposioiot2025.png?resize=744%2C372&#038;ssl=1\" alt=\"\" class=\"wp-image-1200\" style=\"width:224px;height:auto\" srcset=\"https:\/\/i0.wp.com\/sbiagro.org\/wp-content\/uploads\/2025\/04\/simposioiot2025.png?resize=1024%2C512&amp;ssl=1 1024w, https:\/\/i0.wp.com\/sbiagro.org\/wp-content\/uploads\/2025\/04\/simposioiot2025.png?resize=300%2C150&amp;ssl=1 300w, https:\/\/i0.wp.com\/sbiagro.org\/wp-content\/uploads\/2025\/04\/simposioiot2025.png?resize=768%2C384&amp;ssl=1 768w, https:\/\/i0.wp.com\/sbiagro.org\/wp-content\/uploads\/2025\/04\/simposioiot2025.png?resize=18%2C9&amp;ssl=1 18w, https:\/\/i0.wp.com\/sbiagro.org\/wp-content\/uploads\/2025\/04\/simposioiot2025.png?w=1080&amp;ssl=1 1080w\" sizes=\"auto, (max-width: 744px) 100vw, 744px\" \/><\/figure>\n\n\n\n<div class=\"wp-block-group is-vertical is-layout-flex wp-container-core-group-is-layout-fe9cc265 wp-block-group-is-layout-flex\">\n<h3 class=\"wp-block-heading\">International Symposium on IoT (SIoT)<\/h3>\n\n\n\n<figure class=\"wp-block-image size-full\"><img data-recalc-dims=\"1\" loading=\"lazy\" decoding=\"async\" width=\"470\" height=\"147\" src=\"https:\/\/i0.wp.com\/sbiagro.org\/wp-content\/uploads\/2025\/04\/nome2025.png?resize=470%2C147&#038;ssl=1\" alt=\"\" class=\"wp-image-1196\" srcset=\"https:\/\/i0.wp.com\/sbiagro.org\/wp-content\/uploads\/2025\/04\/nome2025.png?w=470&amp;ssl=1 470w, https:\/\/i0.wp.com\/sbiagro.org\/wp-content\/uploads\/2025\/04\/nome2025.png?resize=300%2C94&amp;ssl=1 300w, https:\/\/i0.wp.com\/sbiagro.org\/wp-content\/uploads\/2025\/04\/nome2025.png?resize=18%2C6&amp;ssl=1 18w\" sizes=\"auto, (max-width: 470px) 100vw, 470px\" \/><\/figure>\n<\/div>\n\n\n\n<div class=\"wp-block-buttons is-layout-flex wp-block-buttons-is-layout-flex\">\n<div class=\"wp-block-button\"><a class=\"wp-block-button__link wp-element-button\" href=\"https:\/\/iotbrasil.org.br\/congresso\/2025siot\/index\">Site do Evento<\/a><\/div>\n<\/div>\n<\/div>\n\n\n\n<div class=\"nfd-container nfd-p-lg nfd-theme-darker nfd-bg-surface nfd-wb-blog__blog-2 is-style-nfd-theme-white wp-block-group nfd-divider-rounded has-global-padding is-layout-constrained wp-container-core-group-is-layout-19e250f3 wp-block-group-is-layout-constrained\">\n<div class=\"wp-block-query has-global-padding is-layout-constrained wp-block-query-is-layout-constrained\">\n<h2 class=\"wp-block-heading\">Not\u00edcias&#8230;<\/h2>\n\n\n\n<div class=\"wp-block-group has-global-padding is-layout-constrained wp-block-group-is-layout-constrained\"><ul class=\"is-grid columns-2 has-dates has-authors wp-block-rss\"><li class='wp-block-rss__item'><div class='wp-block-rss__item-title'><a href='https:\/\/news.google.com\/rss\/articles\/CBMimAFBVV95cUxOM1pFbHRpb2xTak1qTEJuaGhYUXktcTBnTE9aekVDM3liOXRvUmdaUHdxMUIxX3dDeHdGOG1BZElPNUFadDVMQXJ5NVNyTGZXLXl4ZTJreUdpTDB5bnNxVE50aEctblh5VmNCVjFPZ2VlVFN4UnM5eHRweVBpWlFWZDJneTNFR2N2QXhJVjFzVEZjSExKWDNHSw?oc=5'>Agricultura Em Angola: 5 Estrat\u00e9gias Para Crescimento &#8211; Farmonaut<\/a><\/div><time datetime=\"2025-04-23T13:32:56+00:00\" class=\"wp-block-rss__item-publish-date\">April 23, 2025<\/time> <\/li><li class='wp-block-rss__item'><div class='wp-block-rss__item-title'><a href='https:\/\/news.google.com\/rss\/articles\/CBMi4wFBVV95cUxQX3BvejlCV2VfZDhfV1hXbzNpX1BybzZ3VC0yV0tJVFdPVnY4MHFYZlgwZVZJUTQtU0JPTWJuQ2RLY0dYNnZjQ3Fic2ViUTIzOVktcFNuV3NkRmdwZFE1azR5X0UxNFdUVXJaLTRuS2xBd3VvUkVPeUlMY1JEeFRMWWNNQ0NKdG5McTZvd3U4VHpER0NKYUc4b24xMWxUbW4yd2dMdjhseENhemhyX1VSRmhZcm9EY29zQ0F3aG1lcFU0Tl84WTRoQ2xjMldmaEhKVWZpQ0pCMFlYXzZWQ0Q2dU1pd9IB6AFBVV95cUxOT09nUVhQWmlGeXU0VkF4S3UtdW9mTjBZUW5iSzNzMS14Z3lqMzZKalhCTVhSQWdDUTAzNjZKVWRpMHlPTll1aHZ6eWpSU3VjWFlwTDZFZEQtUXliWi1IZTFoRC1TZ0tzSFk3VDNNU2JOTGdqQ01TZEd2dHZPZ19IbXlmOVpBQ00ydElXTk9sNlV2ckNXTTh1Z2ZHUmNORktNWDU4b0RER0Frc0dQeDh0WFhOd1Q4YklpbTNoWEk4clNJb3BBeFc2WVFza0FrbThKRzZDTXIzS3pyQkxmd21pQ2o2d3hPVnRn?oc=5'>Smart farming: como a IoT pode destravar o problema de conex\u00e3o rural no Brasil? &#8211; Not\u00edcias Agr\u00edcolas<\/a><\/div><time datetime=\"2024-12-04T08:00:00+00:00\" class=\"wp-block-rss__item-publish-date\">December 4, 2024<\/time> <\/li><\/ul><\/div>\n<\/div>\n<\/div>","protected":false},"excerpt":{"rendered":"<p>Informa\u00e7\u00e3o atualizada sobre parceiros, eventos e a\u00e7\u00f5es para promo\u00e7\u00e3o e divulga\u00e7\u00e3o de tecnologias de informa\u00e7\u00e3o e comunica\u00e7\u00e3o aplicadas ao agroneg\u00f3cio e meio ambiente. International Symposium on IoT (SIoT)<\/p>","protected":false},"author":1,"featured_media":0,"parent":0,"menu_order":0,"comment_status":"closed","ping_status":"closed","template":"","meta":{"nf_dc_page":"","footnotes":""},"class_list":["post-568","page","type-page","status-publish","hentry"],"jetpack_sharing_enabled":true,"_links":{"self":[{"href":"https:\/\/sbiagro.org\/en\/wp-json\/wp\/v2\/pages\/568","targetHints":{"allow":["GET"]}}],"collection":[{"href":"https:\/\/sbiagro.org\/en\/wp-json\/wp\/v2\/pages"}],"about":[{"href":"https:\/\/sbiagro.org\/en\/wp-json\/wp\/v2\/types\/page"}],"author":[{"embeddable":true,"href":"https:\/\/sbiagro.org\/en\/wp-json\/wp\/v2\/users\/1"}],"replies":[{"embeddable":true,"href":"https:\/\/sbiagro.org\/en\/wp-json\/wp\/v2\/comments?post=568"}],"version-history":[{"count":4,"href":"https:\/\/sbiagro.org\/en\/wp-json\/wp\/v2\/pages\/568\/revisions"}],"predecessor-version":[{"id":1207,"href":"https:\/\/sbiagro.org\/en\/wp-json\/wp\/v2\/pages\/568\/revisions\/1207"}],"wp:attachment":[{"href":"https:\/\/sbiagro.org\/en\/wp-json\/wp\/v2\/media?parent=568"}],"curies":[{"name":"wp","href":"https:\/\/api.w.org\/{rel}","templated":true}]}}