{"id":719,"date":"2024-11-14T11:58:24","date_gmt":"2024-11-14T11:58:24","guid":{"rendered":"https:\/\/sbiagro.org\/?page_id=719"},"modified":"2025-12-08T12:34:17","modified_gmt":"2025-12-08T12:34:17","slug":"congressos","status":"publish","type":"page","link":"https:\/\/sbiagro.org\/pt_br\/congressos\/","title":{"rendered":"XV Congresso SBIAgro 2025"},"content":{"rendered":"\n<div class=\"wp-block-group alignwide has-global-padding is-layout-constrained wp-block-group-is-layout-constrained\">\n<div style=\"height:6px\" aria-hidden=\"true\" class=\"wp-block-spacer\"><\/div>\n<\/div>\n\n\n\n<details class=\"wp-block-details is-layout-flow wp-block-details-is-layout-flow\" open><summary>Evento realizado a cada 2 (dois) anos, desde 1997. Promovido pela SBIAgro (Associa\u00e7\u00e3o Brasileira de Agroinform\u00e1tica), sociedade sem fins lucrativos.<br><br>Apresenta tend\u00eancias e solu\u00e7\u00f5es em agricultura digital, em pesquisa, desenvolvimento e inova\u00e7\u00e3o. <br><br>Promove a aproxima\u00e7\u00e3o e integra\u00e7\u00e3o cont\u00ednua entre PD&amp;I unindo empresas p\u00fablicas, privadas e microempresas em um modelo de inova\u00e7\u00e3o aberta. <br><\/summary><div class=\"align wp-block-tlgb-b-timeline-block\" id='BTimelineBlock-1'\r\n  data-attributes='{&quot;timelines&quot;:[{&quot;label&quot;:&quot;&lt;strong&gt;1997 \\u2013 I Congresso da SBIAgro &lt;\\\/strong&gt;&quot;,&quot;description&quot;:&quot;Primeiros Passos: A SBIAgro inicia suas atividades com a organiza\\u00e7\\u00e3o do \\u201cI Congresso da SBIAgro\\u201d em 1997, em Belo Horizonte, consolidando sua presen\\u00e7a no cen\\u00e1rio da agroinform\\u00e1tica&lt;br&gt;brasileira.&lt;br&gt;&lt;br&gt;&lt;br&gt;&quot;},{&quot;label&quot;:&quot;&lt;strong&gt;1999&lt;\\\/strong&gt; - II Congresso da SBIAgro&lt;br&gt;&quot;,&quot;description&quot;:&quot;A partir de 1997, a SBIAgro realiza Congressos Bienais&quot;},{&quot;label&quot;:&quot;&lt;strong&gt;2001&lt;\\\/strong&gt;- III Congresso da SBIAgro&lt;br&gt;&quot;,&quot;description&quot;:&quot;&quot;},{&quot;label&quot;:&quot;&lt;strong&gt;2003&lt;\\\/strong&gt; - IV Congresso da SBIAgro&lt;br&gt;&quot;,&quot;description&quot;:&quot;Agricultura e zootecnia de precis\\u00e3o, GIS e GPS. Ado\\u00e7\\u00e3o, uso e impactos da informatiza\\u00e7\\u00e3o.&quot;},{&quot;label&quot;:&quot;&lt;strong&gt;2005&lt;\\\/strong&gt; - V Congresso SBIAgro&lt;br&gt; \\u201cAgroneg\\u00f3cio, tecnologia e inova\\u00e7\\u00e3o\\u201d&lt;br&gt;&quot;,&quot;description&quot;:&quot;&quot;},{&quot;label&quot;:&quot;&lt;strong&gt;2007&lt;\\\/strong&gt; - VI Coongresso SBIAgro \\u201cOportunidades e desafios do uso da tecnologia da informa\\u00e7\\u00e3o no agroneg\\u00f3cio\\u201d&lt;br&gt;&quot;,&quot;description&quot;:&quot;&quot;},{&quot;label&quot;:&quot;&lt;strong&gt;2009&lt;\\\/strong&gt; - VII Congresso SBIAgro&quot;,&quot;description&quot;:&quot; \\u201cAgroinform\\u00e1tica e a sustentabilidade do&lt;br&gt;agroneg\\u00f3cio e dos recursos naturais\\u201d&lt;br&gt;&quot;},{&quot;label&quot;:&quot;&lt;strong&gt;2011&lt;\\\/strong&gt;- VIII Congresso SBIAgro&quot;,&quot;description&quot;:&quot; \\u201cAgricultura de precis\\u00e3o: da coleta de dados \\u00e0 gest\\u00e3o do agroneg\\u00f3cio\\u201d&quot;},{&quot;label&quot;:&quot;&lt;strong&gt;2013&lt;\\\/strong&gt; - IX Congresso SBIAgro&quot;,&quot;description&quot;:&quot; \\u201cInova\\u00e7\\u00e3o para a Sustentabilidade do Agroneg\\u00f3cio Brasileiro\\u201d&quot;},{&quot;label&quot;:&quot;&lt;strong&gt;2015&lt;\\\/strong&gt; - X Congresso SBIAgro&quot;,&quot;description&quot;:&quot; \\u201cUso de VANTs e Sensores para Avan\\u00e7os no&lt;br&gt;Agroneg\\u00f3cio\\u201d&quot;},{&quot;label&quot;:&quot;&lt;strong&gt;2017&lt;\\\/strong&gt; - XI Congresso SBIAgro &quot;,&quot;description&quot;:&quot; \\u201cCi\\u00eancia de Dados na Era da Agricultura Digital\\u201d&quot;},{&quot;label&quot;:&quot;2019 - XII Congresso SBIAgro&quot;,&quot;description&quot;:&quot; \\u201cIoT na Agricultura\\u201d&quot;},{&quot;label&quot;:&quot;2021 - XIII Congresso SBIAgro&quot;,&quot;description&quot;:&quot; \\u201cInova\\u00e7\\u00e3o Digital e os Biomas: integrando a&lt;br&gt;produ\\u00e7\\u00e3o agropecu\\u00e1ria \\u00e0 conserva\\u00e7\\u00e3o do meio ambiente\\u201d&quot;},{&quot;label&quot;:&quot;2023 - XIV Congresso SBIAgro&quot;,&quot;description&quot;:&quot;\\u201cAvan\\u00e7os na agricultura digital colaborativa\\u201d,&lt;br&gt;&quot;},{&quot;label&quot;:&quot;2025 - XV Congresso SBIAgro&quot;,&quot;description&quot;:&quot;&lt;html&gt;&lt;body&gt;\\n    &lt;!-- T\\u00edtulo Principal --&gt;\\n    &lt;h8&gt;\\n        Agro Inteligente: desafios e perspectivas para a produ\\u00e7\\u00e3o sustent\\u00e1vel com suporte da IA\\n    &lt;\\\/h8&gt;\\n    \\n   &lt;p&gt;\\n      \\n    &lt;a href=\\&quot;https:\\\/\\\/www.even3.com.br\\\/sbiagro2025-621445\\\/\\&quot; target=\\&quot;_blank\\&quot;&gt;  Online - Clique aqui para mais informa\\u00e7\\u00f5es      &lt;\\\/a&gt;\\n&lt;\\\/body&gt;\\n&lt;\\\/html&gt;&quot;}],&quot;type&quot;:&quot;horizontal&quot;,&quot;labelLocation&quot;:&quot;top&quot;,&quot;startIndex&quot;:15,&quot;vigibleItems&quot;:2,&quot;barBackground&quot;:&quot;rgba(7, 36, 124, 0.98)&quot;,&quot;itemBg&quot;:&quot;#fafafa&quot;,&quot;nfdAnimation&quot;:&quot;nfd-wb-fade-in-bottom&quot;,&quot;align&quot;:&quot;&quot;,&quot;itemPosition&quot;:&quot;right&quot;,&quot;moveItem&quot;:2,&quot;verticalTrigger&quot;:&quot;150px&quot;,&quot;rtlMode&quot;:false,&quot;barDotColor&quot;:&quot;#dddddd&quot;,&quot;itemColor&quot;:&quot;#333333&quot;,&quot;itemTypo&quot;:{&quot;fontSize&quot;:{&quot;desktop&quot;:14,&quot;tablet&quot;:14,&quot;mobile&quot;:14}},&quot;horizontalDatePosition&quot;:&quot;bottom&quot;,&quot;itemBorder&quot;:{&quot;width&quot;:&quot;1px&quot;,&quot;color&quot;:&quot;#cccccc&quot;},&quot;contentBorder&quot;:{&quot;width&quot;:&quot;1px&quot;,&quot;style&quot;:&quot;solid&quot;,&quot;color&quot;:&quot;#72aee6&quot;},&quot;labelTypo&quot;:{&quot;fontSize&quot;:{&quot;desktop&quot;:16,&quot;tablet&quot;:16,&quot;mobile&quot;:16}},&quot;labelColor&quot;:&quot;#222222&quot;,&quot;theme&quot;:&quot;default&quot;,&quot;timelineBar&quot;:{&quot;width&quot;:&quot;3px&quot;,&quot;dotSize&quot;:20,&quot;progressBarbgColor&quot;:{&quot;color&quot;:&quot;linear-gradient(to bottom, #ff6a00, #ee0979)&quot;}},&quot;dateStyles&quot;:{&quot;dateTypo&quot;:{&quot;fontSize&quot;:{&quot;desktop&quot;:14,&quot;tablet&quot;:14,&quot;mobile&quot;:14}},&quot;dateColor&quot;:&quot;black&quot;,&quot;dateContainerSize&quot;:50,&quot;dateBg&quot;:{&quot;color&quot;:&quot;#06b6d4&quot;}},&quot;iconStyles&quot;:{&quot;iconColor&quot;:&quot;orangered&quot;,&quot;iconColorHover&quot;:&quot;red&quot;,&quot;iconSize&quot;:40,&quot;iconContainerSize&quot;:40,&quot;background&quot;:{&quot;normal&quot;:{&quot;color&quot;:&quot;white&quot;},&quot;hover&quot;:{&quot;color&quot;:&quot;red&quot;}},&quot;borderControl&quot;:{&quot;width&quot;:&quot;1px&quot;,&quot;color&quot;:&quot;rgba(18, 235, 195, 1)&quot;,&quot;style&quot;:&quot;inset&quot;},&quot;iconBorderHover&quot;:&quot;1px solid #efefef&quot;},&quot;theme8CardBorder&quot;:{&quot;width&quot;:&quot;3px&quot;,&quot;style&quot;:&quot;solid&quot;,&quot;color&quot;:&quot;#111111&quot;},&quot;theme8CardShadow&quot;:{&quot;offsetX&quot;:5,&quot;offsetY&quot;:5,&quot;color&quot;:&quot;#111111&quot;},&quot;theme8Animation&quot;:{&quot;enabled&quot;:true,&quot;type&quot;:&quot;slide-up&quot;,&quot;duration&quot;:600,&quot;delay&quot;:120},&quot;theme3Animation&quot;:{&quot;enabled&quot;:true,&quot;type&quot;:&quot;slide-up&quot;,&quot;duration&quot;:600,&quot;delay&quot;:120},&quot;theme5Animation&quot;:{&quot;enabled&quot;:true,&quot;type&quot;:&quot;slide-up&quot;,&quot;duration&quot;:600,&quot;delay&quot;:120},&quot;theme4Animation&quot;:{&quot;enabled&quot;:true,&quot;type&quot;:&quot;slide-up&quot;,&quot;duration&quot;:600,&quot;delay&quot;:120},&quot;accordionAnimation&quot;:{&quot;enabled&quot;:true,&quot;type&quot;:&quot;slide-up&quot;,&quot;duration&quot;:600,&quot;delay&quot;:120},&quot;theme9Animation&quot;:{&quot;enabled&quot;:true,&quot;type&quot;:&quot;slide-up&quot;,&quot;duration&quot;:600,&quot;delay&quot;:120},&quot;theme9CenturyStyles&quot;:{&quot;color&quot;:&quot;#ffffff&quot;,&quot;bg&quot;:&quot;#1a1a1a&quot;,&quot;borderColor&quot;:&quot;#ffffff&quot;,&quot;borderWidth&quot;:4,&quot;borderRadius&quot;:50,&quot;centuryTypo&quot;:{&quot;fontSize&quot;:{&quot;desktop&quot;:24,&quot;tablet&quot;:24,&quot;mobile&quot;:20}}},&quot;wpum_restrict_type&quot;:&quot;wpum_restrict_type_state&quot;,&quot;wpum_hide_state_in&quot;:false,&quot;wpum_hide_state_out&quot;:false,&quot;TrpContentRestriction&quot;:{&quot;restriction_type&quot;:&quot;exclude&quot;,&quot;selected_languages&quot;:[],&quot;panel_open&quot;:true}}'><\/div><\/details>\n\n\n\n<p class=\"\"><\/p>\n","protected":false},"excerpt":{"rendered":"","protected":false},"author":1,"featured_media":0,"parent":0,"menu_order":0,"comment_status":"closed","ping_status":"closed","template":"","meta":{"nf_dc_page":"","footnotes":""},"class_list":["post-719","page","type-page","status-publish","hentry"],"jetpack_sharing_enabled":true,"_links":{"self":[{"href":"https:\/\/sbiagro.org\/pt_br\/wp-json\/wp\/v2\/pages\/719","targetHints":{"allow":["GET"]}}],"collection":[{"href":"https:\/\/sbiagro.org\/pt_br\/wp-json\/wp\/v2\/pages"}],"about":[{"href":"https:\/\/sbiagro.org\/pt_br\/wp-json\/wp\/v2\/types\/page"}],"author":[{"embeddable":true,"href":"https:\/\/sbiagro.org\/pt_br\/wp-json\/wp\/v2\/users\/1"}],"replies":[{"embeddable":true,"href":"https:\/\/sbiagro.org\/pt_br\/wp-json\/wp\/v2\/comments?post=719"}],"version-history":[{"count":6,"href":"https:\/\/sbiagro.org\/pt_br\/wp-json\/wp\/v2\/pages\/719\/revisions"}],"predecessor-version":[{"id":1338,"href":"https:\/\/sbiagro.org\/pt_br\/wp-json\/wp\/v2\/pages\/719\/revisions\/1338"}],"wp:attachment":[{"href":"https:\/\/sbiagro.org\/pt_br\/wp-json\/wp\/v2\/media?parent=719"}],"curies":[{"name":"wp","href":"https:\/\/api.w.org\/{rel}","templated":true}]}}